{"id":2,"date":"2023-10-11T14:50:35","date_gmt":"2023-10-11T14:50:35","guid":{"rendered":"http:\/\/e34-eventwerk.de\/?page_id=2"},"modified":"2024-01-05T07:27:05","modified_gmt":"2024-01-05T07:27:05","slug":"impressum","status":"publish","type":"page","link":"https:\/\/e34-eventwerk.de\/?page_id=2","title":{"rendered":"Impressum"},"content":{"rendered":"<h2>Impressum<\/h2>\n<p><strong>b\u00e4uerle \u2013 das werbewerk.<\/strong><\/p>\n<p>Lothar B\u00e4uerle<\/p>\n<p>Oberkirchweg 34<br \/>77815 B\u00fchl<br \/>Deutschland<\/p>\n<p>Telefon: Tel +49 (0) 72 23 \/ 915 77 50<br \/>Telefax: Fax +49 (0) 72 23 \/ 915 77 79<br \/>E-Mail: <a href=\"mailto:event@genialgemacht.de?subject=Anfrage%20E34%20\u00fcber%20Homepage&amp;body=Hallo%20E34 Team,%0D%0A%0D%0Aich interessiere mich f\u00fcr Ihre Location am:%0D%0A%0D%0ABitte schreiben Sie hier ihre Nachricht:%0D%0A%0D%0A%0D%0A%0D%0AIhr E34 Team\">event@genialgemacht.de<\/a><\/p>\n<p><strong>USt-IdNr.:<\/strong> DE 143735940<\/p>\n<h2>Disclaimer<\/h2>\n<p><strong>1. Warnhinweis zu Inhalten<\/strong><\/p>\n<p>Die kostenlosen und frei zug\u00e4nglichen Inhalte dieser Webseite wurden mit gr\u00f6\u00dftm\u00f6glicher Sorgfalt erstellt. Der Anbieter dieser Webseite \u00fcbernimmt jedoch keine Gew\u00e4hr f\u00fcr die Richtigkeit und Aktualit\u00e4t der bereitgestellten kostenlosen und frei zug\u00e4nglichen journalistischen Ratgeber und Nachrichten. Die Nutzung dieser Webseiteninhalte erfolgt auf eigene Gefahr. Allein durch den Aufruf dieser kostenlosen und frei zug\u00e4nglichen Inhalte kommt keinerlei Vertragsverh\u00e4ltnis zwischen dem Nutzer und dem Anbieter zustande, insoweit fehlt es am Rechtsbindungswillen des Anbieters.<\/p>\n<p><strong>2. Verlinkungen<\/strong><\/p>\n<p>Die Webseite enth\u00e4lt Verlinkungen zu anderen Webseiten (\u201eexterne Links\u201c). Diese Webseiten unterliegen der Haftung der jeweiligen Seitenbetreiber. Bei Verkn\u00fcpfung der externen Links waren keine Rechtsverst\u00f6\u00dfe ersichtlich. Auf die aktuelle und k\u00fcnftige Gestaltung der verlinkten Seiten hat der Anbieter keinen Einfluss. Die permanente \u00dcberpr\u00fcfung der externen Links ist f\u00fcr den Anbieter ohne konkrete Hinweise auf Rechtsverst\u00f6\u00dfe nicht zumutbar. Bei Bekanntwerden von Rechtsverst\u00f6\u00dfen werden die betroffenen externen Links unverz\u00fcglich gel\u00f6scht.<\/p>\n<p><strong>3. Urheberrecht \/ Leistungsschutzrecht<\/strong><\/p>\n<p>Die auf dieser Webseite durch den Anbieter ver\u00f6ffentlichten Inhalte unterliegen dem deutschen Urheberrecht und Leistungsschutzrecht. Alle vom deutschen Urheber- und Leistungsschutzrecht nicht zugelassene Verwertung bedarf der vorherigen schriftlichen Zustimmung des Anbieters oder jeweiligen Rechteinhabers. Dies gilt vor allem f\u00fcr Vervielf\u00e4ltigung, Bearbeitung, \u00dcbersetzung, Einspeicherung, Verarbeitung bzw. Wiedergabe von Inhalten in Datenbanken oder anderen elektronischen Medien und Systemen. Dabei sind Inhalte und Rechte Dritter als solche gekennzeichnet. Das unerlaubte Kopieren der Webseiteninhalte oder der kompletten Webseite ist nicht gestattet und strafbar. Lediglich die Herstellung von Kopien und Downloads f\u00fcr den pers\u00f6nlichen, privaten und nicht kommerziellen Gebrauch ist erlaubt.<\/p>\n<p>Diese Website darf ohne schriftliche Erlaubnis nicht durch Dritte in Frames oder iFrames dargestellt werden.<\/p>\n<p><strong>4. Keine Werbung<\/strong><\/p>\n<p>Die Verwendung der Kontaktdaten des Impressums zur gewerblichen Werbung ist ausdr\u00fccklich nicht erw\u00fcnscht, es sei denn der Anbieter hatte zuvor seine schriftliche Einwilligung erteilt oder es besteht bereits eine Gesch\u00e4ftsbeziehung. Der Anbieter und alle auf dieser Website genannten Personen widersprechen hiermit jeder kommerziellen Verwendung und Weitergabe ihrer Daten.<\/p>\n<p><strong>5. Besondere Nutzungsbedingungen<\/strong><\/p>\n<p>Soweit besondere Bedingungen f\u00fcr einzelne Nutzungen dieser Website von den vorgenannten Nummern 1. bis 4. abweichen, wird an entsprechender Stelle ausdr\u00fccklich darauf hingewiesen. In diesem Falle gelten im jeweiligen Einzelfall die besonderen Bedingungen.<\/p>\n","protected":false},"excerpt":{"rendered":"<p>Impressum b\u00e4uerle \u2013 das werbewerk. Lothar B\u00e4uerle Oberkirchweg 3477815 B\u00fchlDeutschland Telefon: Tel +49 (0) 72 23 \/ 915 77 50Telefax: Fax +49 (0) 72 23 \/ 915 77 79E-Mail: event@genialgemacht.de USt-IdNr.: DE 143735940 Disclaimer 1. Warnhinweis zu Inhalten Die kostenlosen und frei zug\u00e4nglichen Inhalte dieser Webseite wurden mit gr\u00f6\u00dftm\u00f6glicher Sorgfalt erstellt. Der Anbieter dieser Webseite &hellip; <\/p>\n<p class=\"link-more\"><a href=\"https:\/\/e34-eventwerk.de\/?page_id=2\" class=\"more-link\">Mehr <span class=\"screen-reader-text\">\u00fcber &#8222;Impressum&#8220; <\/span>Lesen<\/a><\/p>\n","protected":false},"author":1,"featured_media":0,"parent":0,"menu_order":0,"comment_status":"closed","ping_status":"closed","template":"","meta":{"footnotes":""},"class_list":["post-2","page","type-page","status-publish","hentry"],"yoast_head":"<!-- This site is optimized with the Yoast SEO plugin v24.6 - https:\/\/yoast.com\/wordpress\/plugins\/seo\/ -->\n<title>Impressum - e34 Eventwerk - Seminare - Schulungen<\/title>\n<meta name=\"description\" content=\"Tagungen \u221a Seminare \u221a Produktpr\u00e4sentationen \u221a Events \u221a Feiern \u221a Hochzeiten \u221a Firmenevents \u221a Familienfeier \u221a 160m2 Raum mit gro\u00dfem Outdoorbereich in 77815 B\u00fchl Oberbruch - genialgemacht.de\" \/>\n<meta name=\"robots\" content=\"index, follow, max-snippet:-1, max-image-preview:large, max-video-preview:-1\" \/>\n<link rel=\"canonical\" href=\"https:\/\/e34-eventwerk.de\/?page_id=2\" \/>\n<meta property=\"og:locale\" content=\"de_DE\" \/>\n<meta property=\"og:type\" content=\"article\" \/>\n<meta property=\"og:title\" content=\"Impressum - e34 Eventwerk - Seminare - Schulungen\" \/>\n<meta property=\"og:description\" content=\"Tagungen \u221a Seminare \u221a Produktpr\u00e4sentationen \u221a Events \u221a Feiern \u221a Hochzeiten \u221a Firmenevents \u221a Familienfeier \u221a 160m2 Raum mit gro\u00dfem Outdoorbereich in 77815 B\u00fchl Oberbruch - genialgemacht.de\" \/>\n<meta property=\"og:url\" content=\"https:\/\/e34-eventwerk.de\/?page_id=2\" \/>\n<meta property=\"og:site_name\" content=\"e34 Eventwerk - Seminare - Schulungen\" \/>\n<meta property=\"article:modified_time\" content=\"2024-01-05T07:27:05+00:00\" \/>\n<meta property=\"og:image\" content=\"https:\/\/e34-eventwerk.de\/wp-content\/uploads\/2023\/10\/e34-eventwerk_0005_tagen-feiern.jpg\" \/>\n\t<meta property=\"og:image:width\" content=\"1366\" \/>\n\t<meta property=\"og:image:height\" content=\"768\" \/>\n\t<meta property=\"og:image:type\" content=\"image\/jpeg\" \/>\n<meta name=\"twitter:card\" content=\"summary_large_image\" \/>\n<meta name=\"twitter:label1\" content=\"Gesch\u00e4tzte Lesezeit\" \/>\n\t<meta name=\"twitter:data1\" content=\"3\u00a0Minuten\" \/>\n<script type=\"application\/ld+json\" class=\"yoast-schema-graph\">{\"@context\":\"https:\/\/schema.org\",\"@graph\":[{\"@type\":\"WebPage\",\"@id\":\"https:\/\/e34-eventwerk.de\/?page_id=2\",\"url\":\"https:\/\/e34-eventwerk.de\/?page_id=2\",\"name\":\"Impressum - e34 Eventwerk - Seminare - Schulungen\",\"isPartOf\":{\"@id\":\"https:\/\/e34-eventwerk.de\/#website\"},\"datePublished\":\"2023-10-11T14:50:35+00:00\",\"dateModified\":\"2024-01-05T07:27:05+00:00\",\"description\":\"Tagungen \u221a Seminare \u221a Produktpr\u00e4sentationen \u221a Events \u221a Feiern \u221a Hochzeiten \u221a Firmenevents \u221a Familienfeier \u221a 160m2 Raum mit gro\u00dfem Outdoorbereich in 77815 B\u00fchl Oberbruch - genialgemacht.de\",\"breadcrumb\":{\"@id\":\"https:\/\/e34-eventwerk.de\/?page_id=2#breadcrumb\"},\"inLanguage\":\"de\",\"potentialAction\":[{\"@type\":\"ReadAction\",\"target\":[\"https:\/\/e34-eventwerk.de\/?page_id=2\"]}]},{\"@type\":\"BreadcrumbList\",\"@id\":\"https:\/\/e34-eventwerk.de\/?page_id=2#breadcrumb\",\"itemListElement\":[{\"@type\":\"ListItem\",\"position\":1,\"name\":\"Startseite\",\"item\":\"https:\/\/e34-eventwerk.de\/\"},{\"@type\":\"ListItem\",\"position\":2,\"name\":\"Impressum\"}]},{\"@type\":\"WebSite\",\"@id\":\"https:\/\/e34-eventwerk.de\/#website\",\"url\":\"https:\/\/e34-eventwerk.de\/\",\"name\":\"e34 Eventwerk - Seminare - Schulungen\",\"description\":\"Tagen und Feiern\",\"publisher\":{\"@id\":\"https:\/\/e34-eventwerk.de\/#organization\"},\"potentialAction\":[{\"@type\":\"SearchAction\",\"target\":{\"@type\":\"EntryPoint\",\"urlTemplate\":\"https:\/\/e34-eventwerk.de\/?s={search_term_string}\"},\"query-input\":{\"@type\":\"PropertyValueSpecification\",\"valueRequired\":true,\"valueName\":\"search_term_string\"}}],\"inLanguage\":\"de\"},{\"@type\":\"Organization\",\"@id\":\"https:\/\/e34-eventwerk.de\/#organization\",\"name\":\"e34 Eventwerk - Seminare - Schulungen\",\"url\":\"https:\/\/e34-eventwerk.de\/\",\"logo\":{\"@type\":\"ImageObject\",\"inLanguage\":\"de\",\"@id\":\"https:\/\/e34-eventwerk.de\/#\/schema\/logo\/image\/\",\"url\":\"https:\/\/e34-eventwerk.de\/wp-content\/uploads\/2023\/10\/E34_Eventwerk_logo.png\",\"contentUrl\":\"https:\/\/e34-eventwerk.de\/wp-content\/uploads\/2023\/10\/E34_Eventwerk_logo.png\",\"width\":300,\"height\":215,\"caption\":\"e34 Eventwerk - Seminare - Schulungen\"},\"image\":{\"@id\":\"https:\/\/e34-eventwerk.de\/#\/schema\/logo\/image\/\"}}]}<\/script>\n<!-- \/ Yoast SEO plugin. -->","yoast_head_json":{"title":"Impressum - e34 Eventwerk - Seminare - Schulungen","description":"Tagungen \u221a Seminare \u221a Produktpr\u00e4sentationen \u221a Events \u221a Feiern \u221a Hochzeiten \u221a Firmenevents \u221a Familienfeier \u221a 160m2 Raum mit gro\u00dfem Outdoorbereich in 77815 B\u00fchl Oberbruch - genialgemacht.de","robots":{"index":"index","follow":"follow","max-snippet":"max-snippet:-1","max-image-preview":"max-image-preview:large","max-video-preview":"max-video-preview:-1"},"canonical":"https:\/\/e34-eventwerk.de\/?page_id=2","og_locale":"de_DE","og_type":"article","og_title":"Impressum - e34 Eventwerk - Seminare - Schulungen","og_description":"Tagungen \u221a Seminare \u221a Produktpr\u00e4sentationen \u221a Events \u221a Feiern \u221a Hochzeiten \u221a Firmenevents \u221a Familienfeier \u221a 160m2 Raum mit gro\u00dfem Outdoorbereich in 77815 B\u00fchl Oberbruch - genialgemacht.de","og_url":"https:\/\/e34-eventwerk.de\/?page_id=2","og_site_name":"e34 Eventwerk - Seminare - Schulungen","article_modified_time":"2024-01-05T07:27:05+00:00","og_image":[{"width":1366,"height":768,"url":"https:\/\/e34-eventwerk.de\/wp-content\/uploads\/2023\/10\/e34-eventwerk_0005_tagen-feiern.jpg","type":"image\/jpeg"}],"twitter_card":"summary_large_image","twitter_misc":{"Gesch\u00e4tzte Lesezeit":"3\u00a0Minuten"},"schema":{"@context":"https:\/\/schema.org","@graph":[{"@type":"WebPage","@id":"https:\/\/e34-eventwerk.de\/?page_id=2","url":"https:\/\/e34-eventwerk.de\/?page_id=2","name":"Impressum - e34 Eventwerk - Seminare - Schulungen","isPartOf":{"@id":"https:\/\/e34-eventwerk.de\/#website"},"datePublished":"2023-10-11T14:50:35+00:00","dateModified":"2024-01-05T07:27:05+00:00","description":"Tagungen \u221a Seminare \u221a Produktpr\u00e4sentationen \u221a Events \u221a Feiern \u221a Hochzeiten \u221a Firmenevents \u221a Familienfeier \u221a 160m2 Raum mit gro\u00dfem Outdoorbereich in 77815 B\u00fchl Oberbruch - genialgemacht.de","breadcrumb":{"@id":"https:\/\/e34-eventwerk.de\/?page_id=2#breadcrumb"},"inLanguage":"de","potentialAction":[{"@type":"ReadAction","target":["https:\/\/e34-eventwerk.de\/?page_id=2"]}]},{"@type":"BreadcrumbList","@id":"https:\/\/e34-eventwerk.de\/?page_id=2#breadcrumb","itemListElement":[{"@type":"ListItem","position":1,"name":"Startseite","item":"https:\/\/e34-eventwerk.de\/"},{"@type":"ListItem","position":2,"name":"Impressum"}]},{"@type":"WebSite","@id":"https:\/\/e34-eventwerk.de\/#website","url":"https:\/\/e34-eventwerk.de\/","name":"e34 Eventwerk - Seminare - Schulungen","description":"Tagen und Feiern","publisher":{"@id":"https:\/\/e34-eventwerk.de\/#organization"},"potentialAction":[{"@type":"SearchAction","target":{"@type":"EntryPoint","urlTemplate":"https:\/\/e34-eventwerk.de\/?s={search_term_string}"},"query-input":{"@type":"PropertyValueSpecification","valueRequired":true,"valueName":"search_term_string"}}],"inLanguage":"de"},{"@type":"Organization","@id":"https:\/\/e34-eventwerk.de\/#organization","name":"e34 Eventwerk - Seminare - Schulungen","url":"https:\/\/e34-eventwerk.de\/","logo":{"@type":"ImageObject","inLanguage":"de","@id":"https:\/\/e34-eventwerk.de\/#\/schema\/logo\/image\/","url":"https:\/\/e34-eventwerk.de\/wp-content\/uploads\/2023\/10\/E34_Eventwerk_logo.png","contentUrl":"https:\/\/e34-eventwerk.de\/wp-content\/uploads\/2023\/10\/E34_Eventwerk_logo.png","width":300,"height":215,"caption":"e34 Eventwerk - Seminare - Schulungen"},"image":{"@id":"https:\/\/e34-eventwerk.de\/#\/schema\/logo\/image\/"}}]}},"featured_media_urls":[],"_links":{"self":[{"href":"https:\/\/e34-eventwerk.de\/index.php?rest_route=\/wp\/v2\/pages\/2","targetHints":{"allow":["GET"]}}],"collection":[{"href":"https:\/\/e34-eventwerk.de\/index.php?rest_route=\/wp\/v2\/pages"}],"about":[{"href":"https:\/\/e34-eventwerk.de\/index.php?rest_route=\/wp\/v2\/types\/page"}],"author":[{"embeddable":true,"href":"https:\/\/e34-eventwerk.de\/index.php?rest_route=\/wp\/v2\/users\/1"}],"replies":[{"embeddable":true,"href":"https:\/\/e34-eventwerk.de\/index.php?rest_route=%2Fwp%2Fv2%2Fcomments&post=2"}],"version-history":[{"count":13,"href":"https:\/\/e34-eventwerk.de\/index.php?rest_route=\/wp\/v2\/pages\/2\/revisions"}],"predecessor-version":[{"id":6783,"href":"https:\/\/e34-eventwerk.de\/index.php?rest_route=\/wp\/v2\/pages\/2\/revisions\/6783"}],"wp:attachment":[{"href":"https:\/\/e34-eventwerk.de\/index.php?rest_route=%2Fwp%2Fv2%2Fmedia&parent=2"}],"curies":[{"name":"wp","href":"https:\/\/api.w.org\/{rel}","templated":true}]}}